{"id":15,"date":"2015-02-10T19:22:07","date_gmt":"2015-02-10T19:22:07","guid":{"rendered":"http:\/\/avada.theme-fusion.com_demos\/architecture\/?page_id=15"},"modified":"2017-05-09T17:44:12","modified_gmt":"2017-05-09T15:44:12","slug":"contact","status":"publish","type":"page","link":"http:\/\/grupajagiellonia.pl\/index.php\/contact\/","title":{"rendered":"Contact"},"content":{"rendered":"<div class=\"fusion-fullwidth fullwidth-box fusion-builder-row-1 nonhundred-percent-fullwidth non-hundred-percent-height-scrolling\" style=\"--awb-background-position:center bottom;--awb-border-radius-top-left:0px;--awb-border-radius-top-right:0px;--awb-border-radius-bottom-right:0px;--awb-border-radius-bottom-left:0px;--awb-padding-top:130px;--awb-padding-bottom:110px;--awb-border-sizes-top:0px;--awb-border-sizes-bottom:0px;--awb-flex-wrap:wrap;\" ><div class=\"fusion-builder-row fusion-row\"><div class=\"fusion-layout-column fusion_builder_column fusion-builder-column-0 fusion_builder_column_1_1 1_1 fusion-one-full fusion-column-first fusion-column-last\" style=\"--awb-bg-size:cover;\"><div class=\"fusion-column-wrapper fusion-flex-column-wrapper-legacy\"><div class=\"fusion-sep-clear\"><\/div><div class=\"fusion-separator fusion-full-width-sep\" style=\"margin-left: auto;margin-right: auto;margin-top:40px;width:100%;\"><\/div><div class=\"fusion-sep-clear\"><\/div><div class=\"fusion-text fusion-text-1\"><p><u>DZIA\u0141 ADMINISTRACJI WIELOPOLE<\/u>\u2013 obs\u0142uga administracyjna nieruchomo\u015bci Wielopole 1 w Krakowie oraz nieruchomo\u015bci przy ul. Narutowicza 10 w Nowym S\u0105czu<\/p>\n<p>Ul. Wielopole 1 , pok. 100 A<\/p>\n<p><strong>Renata Dunikowska \u2013 Gluza<\/strong> \u2013 Kierownik Dzia\u0142u tel. 12 2996 219, 502\u00a0336\u00a0367, <a href=\"mailto:renata.dunikowska@grupajagiellonia.pl\">renata.dunikowska@grupajagiellonia.pl<\/a><\/p>\n<p><strong>Katarzyna Goc<\/strong> \u2013 tel. 12 2996 218, 607\u00a0939\u00a0377, <a href=\"mailto:katarzyna.goc@grupajagiellonia.pl\">katarzyna.goc@grupajagiellonia.pl<\/a><\/p>\n<p><strong>\u00a0<\/strong><\/p>\n<p><u>DZIA\u0141 ADMINISTRACJI CENTRALNA <\/u>\u2013 obs\u0142uga administracyjna nieruchomo\u015bci Centralna 51 oraz nieruchomo\u015bci Sikorki 19 w Krakowie<\/p>\n<p>Ul. Centralna 51, II pi\u0119tro<\/p>\n<p><strong>Maria Ma\u0142gorzata K\u0105dzio\u0142a<\/strong> \u2013 Kierownik Dzia\u0142u tel. 12\u00a0641 30 75, 607\u00a0936 788, <a href=\"mailto:maria.kadziola@grupajagiellonia.pl\">maria.kadziola@grupajagiellonia.pl<\/a><\/p>\n<p><strong>\u00a0<\/strong><\/p>\n<p><u>BIURO ZARZ\u0104DU <\/u><\/p>\n<p>Ul. Centralna 51, II pi\u0119tro<\/p>\n<p><strong>Bo\u017cena Klimowska \u2013 <\/strong>Kierownik tel. 12\u00a0422 07 12, 503\u00a0078\u00a0370, <a href=\"mailto:bozena.klimowska@grupajagiellonia.pl\">bozena.klimowska@grupajagiellonia.pl<\/a><br \/>\n<span style=\"color: #ffffff;\"> Web: <a style=\"color: #ffffff;\" href=\"http:\/\/themefusion.com\/\">Theme-Fusion.com<\/a><\/span><\/p>\n<\/div><div class=\"fusion-clearfix\"><\/div><\/div><\/div><\/div><\/div>\n","protected":false},"excerpt":{"rendered":"","protected":false},"author":1,"featured_media":0,"parent":0,"menu_order":0,"comment_status":"closed","ping_status":"open","template":"100-width.php","meta":{"footnotes":""},"class_list":["post-15","page","type-page","status-publish","hentry"],"_links":{"self":[{"href":"http:\/\/grupajagiellonia.pl\/index.php\/wp-json\/wp\/v2\/pages\/15"}],"collection":[{"href":"http:\/\/grupajagiellonia.pl\/index.php\/wp-json\/wp\/v2\/pages"}],"about":[{"href":"http:\/\/grupajagiellonia.pl\/index.php\/wp-json\/wp\/v2\/types\/page"}],"author":[{"embeddable":true,"href":"http:\/\/grupajagiellonia.pl\/index.php\/wp-json\/wp\/v2\/users\/1"}],"replies":[{"embeddable":true,"href":"http:\/\/grupajagiellonia.pl\/index.php\/wp-json\/wp\/v2\/comments?post=15"}],"version-history":[{"count":3,"href":"http:\/\/grupajagiellonia.pl\/index.php\/wp-json\/wp\/v2\/pages\/15\/revisions"}],"predecessor-version":[{"id":895,"href":"http:\/\/grupajagiellonia.pl\/index.php\/wp-json\/wp\/v2\/pages\/15\/revisions\/895"}],"wp:attachment":[{"href":"http:\/\/grupajagiellonia.pl\/index.php\/wp-json\/wp\/v2\/media?parent=15"}],"curies":[{"name":"wp","href":"https:\/\/api.w.org\/{rel}","templated":true}]}}