{"id":844,"date":"2017-05-09T16:32:39","date_gmt":"2017-05-09T14:32:39","guid":{"rendered":"http:\/\/nowa-strona.grupajagiellonia.pl\/?page_id=844"},"modified":"2018-10-02T12:09:32","modified_gmt":"2018-10-02T10:09:32","slug":"centralna","status":"publish","type":"page","link":"http:\/\/grupajagiellonia.pl\/index.php\/centralna\/","title":{"rendered":"Centralna"},"content":{"rendered":"<p><div class=\"fusion-fullwidth fullwidth-box fusion-builder-row-1 nonhundred-percent-fullwidth non-hundred-percent-height-scrolling\" style=\"--awb-border-radius-top-left:0px;--awb-border-radius-top-right:0px;--awb-border-radius-bottom-right:0px;--awb-border-radius-bottom-left:0px;--awb-flex-wrap:wrap;\" ><div class=\"fusion-builder-row fusion-row\"><div class=\"fusion-layout-column fusion_builder_column fusion-builder-column-0 fusion_builder_column_1_1 1_1 fusion-one-full fusion-column-first fusion-column-last\" style=\"--awb-bg-size:cover;\"><div class=\"fusion-column-wrapper fusion-flex-column-wrapper-legacy\"><div class=\"fusion-text fusion-text-1\"><h4 style=\"text-align: center;\"><em><strong>INFORMACJE OG\u00d3LNE<\/strong><\/em><\/h4>\n<p>Zesp\u00f3\u0142 budynk\u00f3w mieszcz\u0105cych kiedy\u015b drukarni\u0119 prasow\u0105 obecnie zaadaptowany zosta\u0142 na lokale o charakterze us\u0142ugowo-handlowo-biurowym.<\/p>\n<p>Obiekt zlokalizowany jest w Nowej Hucie w Dzielnicy XIV (Czy\u017cyny), w bezpo\u015brednim s\u0105siedztwie zabudowy us\u0142ugowej i wielorodzinnej zabudowy mieszkaniowej.<\/p>\n<p>Dzi\u0119ki stosunkowo niewielkiej odleg\u0142o\u015bci od centrum Krakowa, blisko\u015bci galerii handlowej i dobrej infrastrukturze komunikacyjnej obszar ten jest atrakcyjny rynkowo.<\/p>\n<p>Administratorem nieruchomo\u015bci jest sp\u00f3\u0142ka Jagiellonia Nieruchomo\u015bci sp. z o.o. wchodz\u0105ca w sk\u0142ad Grupy Kapita\u0142owej Jagiellonia.<\/p>\n<p>Na dzia\u0142ce o powierzchni ponad 17 tysi\u0119cy m kw. zlokalizowana jest hala magazynowo-us\u0142ugowa o powierzchni 3.875 m kw., w kt\u00f3rej mieszcz\u0105 si\u0119 obecnie dwie hurtownie i centrum wspinaczkowe wraz z trzykondygnacyjnym przyleg\u0142ym zapleczem biurowo-us\u0142ugowym. W bezpo\u015brednim s\u0105siedztwie hali posadowiony jest budynek biurowy o powierzchni ok. 600 m kw. zaadaptowany do potrzeb przychodni lekarskiej. Opr\u00f3cz tego przy granicy dzia\u0142ki od strony ul. Centralnej mie\u015bci si\u0119 budynek warsztatowo-gara\u017cowy o powierzchni ok. 350 m kw.<\/p>\n<p>Aktualnie praktycznie ca\u0142a powierzchnia jest wynaj\u0119ta.<\/p>\n<p>Budynki ogrzewane s\u0105 z w\u0142asnych kot\u0142owni olejowych.<\/p>\n<\/div><div class=\"fusion-text fusion-text-2\"><p style=\"text-align: center;\"><strong>Obiekt \u00a0posiada ochron\u0119 fizyczn\u0105 w godzinach nocnych i w dni wolne od pracy oraz monitoring.<\/strong><\/p>\n<\/div><div class=\"fusion-text fusion-text-3\"><h3 style=\"text-align: center;\">Galeria obiektu:<\/h3>\n<\/div><div class=\"fusion-clearfix\"><\/div><\/div><\/div><\/div><\/div><div class=\"fusion-fullwidth fullwidth-box fusion-builder-row-2 nonhundred-percent-fullwidth non-hundred-percent-height-scrolling\" style=\"--awb-border-radius-top-left:0px;--awb-border-radius-top-right:0px;--awb-border-radius-bottom-right:0px;--awb-border-radius-bottom-left:0px;--awb-flex-wrap:wrap;\" ><div class=\"fusion-builder-row fusion-row\"><div class=\"fusion-layout-column fusion_builder_column fusion-builder-column-1 fusion_builder_column_1_4 1_4 fusion-one-fourth fusion-column-first\" style=\"--awb-bg-size:cover;width:25%;width:calc(25% - ( ( 4% + 4% + 4% ) * 0.25 ) );margin-right: 4%;\"><div class=\"fusion-column-wrapper fusion-flex-column-wrapper-legacy\"><div class=\"fusion-image-element in-legacy-container\" style=\"--awb-caption-title-font-family:var(--h2_typography-font-family);--awb-caption-title-font-weight:var(--h2_typography-font-weight);--awb-caption-title-font-style:var(--h2_typography-font-style);--awb-caption-title-size:var(--h2_typography-font-size);--awb-caption-title-transform:var(--h2_typography-text-transform);--awb-caption-title-line-height:var(--h2_typography-line-height);--awb-caption-title-letter-spacing:var(--h2_typography-letter-spacing);\"><span class=\" fusion-imageframe imageframe-none imageframe-1 hover-type-none\"><a href=\"http:\/\/nowa-strona.grupajagiellonia.pl\/wp-content\/uploads\/2017\/05\/Centralna1.jpg\" class=\"fusion-lightbox\" data-rel=\"iLightbox[1]\" title=\"Centralna1\"><img decoding=\"async\" width=\"300\" height=\"200\" data-src=\"http:\/\/nowa-strona.grupajagiellonia.pl\/wp-content\/uploads\/2017\/05\/Centralna1-300x200.jpg\" alt class=\"img-responsive wp-image-850 lazyload\" data-srcset=\"http:\/\/grupajagiellonia.pl\/wp-content\/uploads\/2017\/05\/Centralna1-200x133.jpg 200w, http:\/\/grupajagiellonia.pl\/wp-content\/uploads\/2017\/05\/Centralna1-400x267.jpg 400w, http:\/\/grupajagiellonia.pl\/wp-content\/uploads\/2017\/05\/Centralna1-600x400.jpg 600w, http:\/\/grupajagiellonia.pl\/wp-content\/uploads\/2017\/05\/Centralna1-800x533.jpg 800w, http:\/\/grupajagiellonia.pl\/wp-content\/uploads\/2017\/05\/Centralna1.jpg 1200w\" data-sizes=\"(max-width: 800px) 100vw, 400px\" src=\"data:image\/gif;base64,R0lGODlhAQABAAAAACH5BAEKAAEALAAAAAABAAEAAAICTAEAOw==\" style=\"--smush-placeholder-width: 300px; --smush-placeholder-aspect-ratio: 300\/200;\" \/><noscript><img decoding=\"async\" width=\"300\" height=\"200\" src=\"http:\/\/nowa-strona.grupajagiellonia.pl\/wp-content\/uploads\/2017\/05\/Centralna1-300x200.jpg\" alt class=\"img-responsive wp-image-850\" srcset=\"http:\/\/grupajagiellonia.pl\/wp-content\/uploads\/2017\/05\/Centralna1-200x133.jpg 200w, http:\/\/grupajagiellonia.pl\/wp-content\/uploads\/2017\/05\/Centralna1-400x267.jpg 400w, http:\/\/grupajagiellonia.pl\/wp-content\/uploads\/2017\/05\/Centralna1-600x400.jpg 600w, http:\/\/grupajagiellonia.pl\/wp-content\/uploads\/2017\/05\/Centralna1-800x533.jpg 800w, http:\/\/grupajagiellonia.pl\/wp-content\/uploads\/2017\/05\/Centralna1.jpg 1200w\" sizes=\"(max-width: 800px) 100vw, 400px\" \/><\/noscript><\/a><\/span><\/div><div class=\"fusion-clearfix\"><\/div><\/div><\/div><div class=\"fusion-layout-column fusion_builder_column fusion-builder-column-2 fusion_builder_column_1_4 1_4 fusion-one-fourth\" style=\"--awb-bg-size:cover;width:25%;width:calc(25% - ( ( 4% + 4% + 4% ) * 0.25 ) );margin-right: 4%;\"><div class=\"fusion-column-wrapper fusion-flex-column-wrapper-legacy\"><div class=\"fusion-image-element in-legacy-container\" style=\"--awb-caption-title-font-family:var(--h2_typography-font-family);--awb-caption-title-font-weight:var(--h2_typography-font-weight);--awb-caption-title-font-style:var(--h2_typography-font-style);--awb-caption-title-size:var(--h2_typography-font-size);--awb-caption-title-transform:var(--h2_typography-text-transform);--awb-caption-title-line-height:var(--h2_typography-line-height);--awb-caption-title-letter-spacing:var(--h2_typography-letter-spacing);\"><span class=\" fusion-imageframe imageframe-none imageframe-2 hover-type-none\"><a href=\"http:\/\/nowa-strona.grupajagiellonia.pl\/wp-content\/uploads\/2017\/05\/centralna-3.jpg\" class=\"fusion-lightbox\" data-rel=\"iLightbox[1]\" title=\"centralna-3\"><img decoding=\"async\" width=\"300\" height=\"200\" data-src=\"http:\/\/nowa-strona.grupajagiellonia.pl\/wp-content\/uploads\/2017\/05\/centralna-3-300x200.jpg\" alt class=\"img-responsive wp-image-852 lazyload\" data-srcset=\"http:\/\/grupajagiellonia.pl\/wp-content\/uploads\/2017\/05\/centralna-3-200x133.jpg 200w, http:\/\/grupajagiellonia.pl\/wp-content\/uploads\/2017\/05\/centralna-3-400x267.jpg 400w, http:\/\/grupajagiellonia.pl\/wp-content\/uploads\/2017\/05\/centralna-3-600x400.jpg 600w, http:\/\/grupajagiellonia.pl\/wp-content\/uploads\/2017\/05\/centralna-3-800x533.jpg 800w, http:\/\/grupajagiellonia.pl\/wp-content\/uploads\/2017\/05\/centralna-3.jpg 1200w\" data-sizes=\"(max-width: 800px) 100vw, 400px\" src=\"data:image\/gif;base64,R0lGODlhAQABAAAAACH5BAEKAAEALAAAAAABAAEAAAICTAEAOw==\" style=\"--smush-placeholder-width: 300px; --smush-placeholder-aspect-ratio: 300\/200;\" \/><noscript><img decoding=\"async\" width=\"300\" height=\"200\" src=\"http:\/\/nowa-strona.grupajagiellonia.pl\/wp-content\/uploads\/2017\/05\/centralna-3-300x200.jpg\" alt class=\"img-responsive wp-image-852\" srcset=\"http:\/\/grupajagiellonia.pl\/wp-content\/uploads\/2017\/05\/centralna-3-200x133.jpg 200w, http:\/\/grupajagiellonia.pl\/wp-content\/uploads\/2017\/05\/centralna-3-400x267.jpg 400w, http:\/\/grupajagiellonia.pl\/wp-content\/uploads\/2017\/05\/centralna-3-600x400.jpg 600w, http:\/\/grupajagiellonia.pl\/wp-content\/uploads\/2017\/05\/centralna-3-800x533.jpg 800w, http:\/\/grupajagiellonia.pl\/wp-content\/uploads\/2017\/05\/centralna-3.jpg 1200w\" sizes=\"(max-width: 800px) 100vw, 400px\" \/><\/noscript><\/a><\/span><\/div><div class=\"fusion-clearfix\"><\/div><\/div><\/div><div class=\"fusion-layout-column fusion_builder_column fusion-builder-column-3 fusion_builder_column_1_4 1_4 fusion-one-fourth\" style=\"--awb-bg-size:cover;width:25%;width:calc(25% - ( ( 4% + 4% + 4% ) * 0.25 ) );margin-right: 4%;\"><div class=\"fusion-column-wrapper fusion-flex-column-wrapper-legacy\"><div class=\"fusion-image-element in-legacy-container\" style=\"--awb-caption-title-font-family:var(--h2_typography-font-family);--awb-caption-title-font-weight:var(--h2_typography-font-weight);--awb-caption-title-font-style:var(--h2_typography-font-style);--awb-caption-title-size:var(--h2_typography-font-size);--awb-caption-title-transform:var(--h2_typography-text-transform);--awb-caption-title-line-height:var(--h2_typography-line-height);--awb-caption-title-letter-spacing:var(--h2_typography-letter-spacing);\"><span class=\" fusion-imageframe imageframe-none imageframe-3 hover-type-none\"><a href=\"http:\/\/nowa-strona.grupajagiellonia.pl\/wp-content\/uploads\/2017\/05\/centralna-6-1.jpg\" class=\"fusion-lightbox\" data-rel=\"iLightbox[1]\" title=\"centralna-6\"><img decoding=\"async\" width=\"300\" height=\"200\" data-src=\"http:\/\/nowa-strona.grupajagiellonia.pl\/wp-content\/uploads\/2017\/05\/centralna-6-1-300x200.jpg\" alt class=\"img-responsive wp-image-999 lazyload\" data-srcset=\"http:\/\/grupajagiellonia.pl\/wp-content\/uploads\/2017\/05\/centralna-6-1-200x133.jpg 200w, http:\/\/grupajagiellonia.pl\/wp-content\/uploads\/2017\/05\/centralna-6-1-400x267.jpg 400w, http:\/\/grupajagiellonia.pl\/wp-content\/uploads\/2017\/05\/centralna-6-1-600x400.jpg 600w, http:\/\/grupajagiellonia.pl\/wp-content\/uploads\/2017\/05\/centralna-6-1-800x533.jpg 800w, http:\/\/grupajagiellonia.pl\/wp-content\/uploads\/2017\/05\/centralna-6-1.jpg 1200w\" data-sizes=\"(max-width: 800px) 100vw, 400px\" src=\"data:image\/gif;base64,R0lGODlhAQABAAAAACH5BAEKAAEALAAAAAABAAEAAAICTAEAOw==\" style=\"--smush-placeholder-width: 300px; --smush-placeholder-aspect-ratio: 300\/200;\" \/><noscript><img decoding=\"async\" width=\"300\" height=\"200\" src=\"http:\/\/nowa-strona.grupajagiellonia.pl\/wp-content\/uploads\/2017\/05\/centralna-6-1-300x200.jpg\" alt class=\"img-responsive wp-image-999\" srcset=\"http:\/\/grupajagiellonia.pl\/wp-content\/uploads\/2017\/05\/centralna-6-1-200x133.jpg 200w, http:\/\/grupajagiellonia.pl\/wp-content\/uploads\/2017\/05\/centralna-6-1-400x267.jpg 400w, http:\/\/grupajagiellonia.pl\/wp-content\/uploads\/2017\/05\/centralna-6-1-600x400.jpg 600w, http:\/\/grupajagiellonia.pl\/wp-content\/uploads\/2017\/05\/centralna-6-1-800x533.jpg 800w, http:\/\/grupajagiellonia.pl\/wp-content\/uploads\/2017\/05\/centralna-6-1.jpg 1200w\" sizes=\"(max-width: 800px) 100vw, 400px\" \/><\/noscript><\/a><\/span><\/div><div class=\"fusion-clearfix\"><\/div><\/div><\/div><div class=\"fusion-layout-column fusion_builder_column fusion-builder-column-4 fusion_builder_column_1_4 1_4 fusion-one-fourth fusion-column-last\" style=\"--awb-bg-size:cover;width:25%;width:calc(25% - ( ( 4% + 4% + 4% ) * 0.25 ) );\"><div class=\"fusion-column-wrapper fusion-flex-column-wrapper-legacy\"><div class=\"fusion-image-element in-legacy-container\" style=\"--awb-caption-title-font-family:var(--h2_typography-font-family);--awb-caption-title-font-weight:var(--h2_typography-font-weight);--awb-caption-title-font-style:var(--h2_typography-font-style);--awb-caption-title-size:var(--h2_typography-font-size);--awb-caption-title-transform:var(--h2_typography-text-transform);--awb-caption-title-line-height:var(--h2_typography-line-height);--awb-caption-title-letter-spacing:var(--h2_typography-letter-spacing);\"><span class=\" fusion-imageframe imageframe-none imageframe-4 hover-type-none\"><a href=\"http:\/\/nowa-strona.grupajagiellonia.pl\/wp-content\/uploads\/2017\/05\/centralna-9-1.jpg\" class=\"fusion-lightbox\" data-rel=\"iLightbox[1]\" title=\"centralna-9\"><img decoding=\"async\" width=\"300\" height=\"200\" data-src=\"http:\/\/nowa-strona.grupajagiellonia.pl\/wp-content\/uploads\/2017\/05\/centralna-9-1-300x200.jpg\" alt class=\"img-responsive wp-image-998 lazyload\" data-srcset=\"http:\/\/grupajagiellonia.pl\/wp-content\/uploads\/2017\/05\/centralna-9-1-200x133.jpg 200w, http:\/\/grupajagiellonia.pl\/wp-content\/uploads\/2017\/05\/centralna-9-1-400x267.jpg 400w, http:\/\/grupajagiellonia.pl\/wp-content\/uploads\/2017\/05\/centralna-9-1-600x400.jpg 600w, http:\/\/grupajagiellonia.pl\/wp-content\/uploads\/2017\/05\/centralna-9-1-800x533.jpg 800w, http:\/\/grupajagiellonia.pl\/wp-content\/uploads\/2017\/05\/centralna-9-1.jpg 1200w\" data-sizes=\"(max-width: 800px) 100vw, 400px\" src=\"data:image\/gif;base64,R0lGODlhAQABAAAAACH5BAEKAAEALAAAAAABAAEAAAICTAEAOw==\" style=\"--smush-placeholder-width: 300px; --smush-placeholder-aspect-ratio: 300\/200;\" \/><noscript><img decoding=\"async\" width=\"300\" height=\"200\" src=\"http:\/\/nowa-strona.grupajagiellonia.pl\/wp-content\/uploads\/2017\/05\/centralna-9-1-300x200.jpg\" alt class=\"img-responsive wp-image-998\" srcset=\"http:\/\/grupajagiellonia.pl\/wp-content\/uploads\/2017\/05\/centralna-9-1-200x133.jpg 200w, http:\/\/grupajagiellonia.pl\/wp-content\/uploads\/2017\/05\/centralna-9-1-400x267.jpg 400w, http:\/\/grupajagiellonia.pl\/wp-content\/uploads\/2017\/05\/centralna-9-1-600x400.jpg 600w, http:\/\/grupajagiellonia.pl\/wp-content\/uploads\/2017\/05\/centralna-9-1-800x533.jpg 800w, http:\/\/grupajagiellonia.pl\/wp-content\/uploads\/2017\/05\/centralna-9-1.jpg 1200w\" sizes=\"(max-width: 800px) 100vw, 400px\" \/><\/noscript><\/a><\/span><\/div><div class=\"fusion-clearfix\"><\/div><\/div><\/div><\/div><\/div><div class=\"fusion-fullwidth fullwidth-box fusion-builder-row-3 nonhundred-percent-fullwidth non-hundred-percent-height-scrolling\" style=\"--awb-border-radius-top-left:0px;--awb-border-radius-top-right:0px;--awb-border-radius-bottom-right:0px;--awb-border-radius-bottom-left:0px;--awb-flex-wrap:wrap;\" ><div class=\"fusion-builder-row fusion-row\"><div class=\"fusion-layout-column fusion_builder_column fusion-builder-column-5 fusion_builder_column_1_4 1_4 fusion-one-fourth fusion-column-first\" style=\"--awb-bg-size:cover;width:25%;width:calc(25% - ( ( 4% ) * 0.25 ) );margin-right: 4%;\"><div class=\"fusion-column-wrapper fusion-flex-column-wrapper-legacy\"><div class=\"fusion-clearfix\"><\/div><\/div><\/div><\/div><\/div><\/p>\n","protected":false},"excerpt":{"rendered":"","protected":false},"author":1,"featured_media":0,"parent":0,"menu_order":0,"comment_status":"closed","ping_status":"closed","template":"","meta":{"footnotes":""},"class_list":["post-844","page","type-page","status-publish","hentry"],"_links":{"self":[{"href":"http:\/\/grupajagiellonia.pl\/index.php\/wp-json\/wp\/v2\/pages\/844"}],"collection":[{"href":"http:\/\/grupajagiellonia.pl\/index.php\/wp-json\/wp\/v2\/pages"}],"about":[{"href":"http:\/\/grupajagiellonia.pl\/index.php\/wp-json\/wp\/v2\/types\/page"}],"author":[{"embeddable":true,"href":"http:\/\/grupajagiellonia.pl\/index.php\/wp-json\/wp\/v2\/users\/1"}],"replies":[{"embeddable":true,"href":"http:\/\/grupajagiellonia.pl\/index.php\/wp-json\/wp\/v2\/comments?post=844"}],"version-history":[{"count":16,"href":"http:\/\/grupajagiellonia.pl\/index.php\/wp-json\/wp\/v2\/pages\/844\/revisions"}],"predecessor-version":[{"id":1005,"href":"http:\/\/grupajagiellonia.pl\/index.php\/wp-json\/wp\/v2\/pages\/844\/revisions\/1005"}],"wp:attachment":[{"href":"http:\/\/grupajagiellonia.pl\/index.php\/wp-json\/wp\/v2\/media?parent=844"}],"curies":[{"name":"wp","href":"https:\/\/api.w.org\/{rel}","templated":true}]}}