{"id":881,"date":"2017-05-09T17:28:59","date_gmt":"2017-05-09T15:28:59","guid":{"rendered":"http:\/\/nowa-strona.grupajagiellonia.pl\/?page_id=881"},"modified":"2017-06-20T11:44:05","modified_gmt":"2017-06-20T09:44:05","slug":"narutowicza","status":"publish","type":"page","link":"http:\/\/grupajagiellonia.pl\/index.php\/narutowicza\/","title":{"rendered":"Narutowicza"},"content":{"rendered":"<div class=\"fusion-fullwidth fullwidth-box fusion-builder-row-1 nonhundred-percent-fullwidth non-hundred-percent-height-scrolling\" style=\"--awb-border-radius-top-left:0px;--awb-border-radius-top-right:0px;--awb-border-radius-bottom-right:0px;--awb-border-radius-bottom-left:0px;--awb-flex-wrap:wrap;\" ><div class=\"fusion-builder-row fusion-row\"><div class=\"fusion-layout-column fusion_builder_column fusion-builder-column-0 fusion_builder_column_1_1 1_1 fusion-one-full fusion-column-first fusion-column-last\" style=\"--awb-bg-size:cover;\"><div class=\"fusion-column-wrapper fusion-flex-column-wrapper-legacy\"><div class=\"fusion-text fusion-text-1\"><h3 style=\"text-align: center;\"><em><strong>Opis budynku<\/strong><\/em><\/h3>\n<p><strong>\u00a0<\/strong>Budynek us\u0142ugowo-biurowy lub mieszkalno-biurowy (z roku 1938) o powierzchni u\u017cytkowej ok. 600 m kw. i gara\u017cem o powierzchni u\u017cytkowej 15 m kw., zlokalizowany na widokowej dzia\u0142ce o powierzchni 1145 m kw. przy ul. Narutowicza 10 w Nowym S\u0105czu (centrum miasta).<\/p>\n<p>Budynek posiada dwie pe\u0142ne kondygnacje, dodatkowo u\u017cytkowe poddasze i piwnice.<\/p>\n<p>W 2011 roku wykonano remont kapitalny. Budynek jest w strefie ochrony konserwatorskiej. Ogrodzony, z dwiema bramami wjazdowymi, wjazd bezpo\u015brednio z ul. Narutowicza.<\/p>\n<p>W piwnicy znajduje si\u0119 kot\u0142ownia oraz trzy otwarte pomieszczenia o pow. oko\u0142o 160 m kw. idealne do prowadzenie dzia\u0142alno\u015bci gospodarczej (typu pub, restauracja itd.).<\/p>\n<p>Na parterze znajduje si\u0119 hall, pi\u0119\u0107 du\u017cych pokoi (mo\u017cliwo\u015b\u0107 wydzielenia mniejszych), kuchnia, \u0142azienka oraz oran\u017ceria i taras z wyj\u015bciem do ogrodu.<\/p>\n<p>Na pi\u0119trze znajduj\u0105 si\u0119 3 pokoje z mo\u017cliwo\u015bci\u0105 podzia\u0142u na mniejsze oraz \u0142azienka.<\/p>\n<p>Na poddaszu znajduje si\u0119 otwarte pomieszczenie o pow. oko\u0142o 80 m kw. z mo\u017cliwo\u015bci\u0105 wydzielenia pomieszcze\u0144.<\/p>\n<p>W czasie remontu generalnego (2011 rok) w pomieszczeniach na parterze i pi\u0119trze na \u015bcianach wykonano tynki, stropy, na pod\u0142ogach wylewki, zamontowano nowe okna drewniane. W budynku wykonano ca\u0142kowicie nowe instalacje: elektryczn\u0105, gazow\u0105, wodno-kanalizacyjn\u0105, alarmow\u0105. Zosta\u0142a te\u017c w ca\u0142o\u015bci wymieniona konstrukcja dachowa i pokrycie dachu, przeprowadzono r\u00f3wnie\u017c pog\u0142\u0119bienie piwnic i ich renowacj\u0119.<\/p>\n<p>Budynek jest obecnie w stanie deweloperskim (tynki, wylewki, podstawowe instalacje wewn\u0119trzne, bez bia\u0142ego monta\u017cu) i jest ogrzewany z w\u0142asnej kot\u0142owni (piec gazowy De Dietrich).<\/p>\n<p style=\"text-align: center;\">BUDYNEK OFEROWANY JEST DO SPRZEDA\u017bY LUB POD WYNAJEM \u2013 informacji udziela p. Renata Dunikowska \u2013 Gluza<\/p>\n<p style=\"text-align: center;\">tel. 502\u00a0 336\u00a0367.<\/p>\n<\/div><div class=\"fusion-text fusion-text-2\"><h3 style=\"text-align: center;\"><strong>Galeria obiektu<\/strong><\/h3>\n<\/div><div class=\"fusion-image-element in-legacy-container\" style=\"--awb-caption-title-font-family:var(--h2_typography-font-family);--awb-caption-title-font-weight:var(--h2_typography-font-weight);--awb-caption-title-font-style:var(--h2_typography-font-style);--awb-caption-title-size:var(--h2_typography-font-size);--awb-caption-title-transform:var(--h2_typography-text-transform);--awb-caption-title-line-height:var(--h2_typography-line-height);--awb-caption-title-letter-spacing:var(--h2_typography-letter-spacing);\"><span class=\" fusion-imageframe imageframe-none imageframe-1 hover-type-none\"><a href=\"http:\/\/nowa-strona.grupajagiellonia.pl\/wp-content\/uploads\/2017\/05\/nowysaczbezkabli1.jpg\" class=\"fusion-lightbox\" data-rel=\"iLightbox[1dafa62551b4b209205]\" title=\"nowysaczbezkabli1\"><img decoding=\"async\" width=\"300\" height=\"158\" data-src=\"http:\/\/nowa-strona.grupajagiellonia.pl\/wp-content\/uploads\/2017\/05\/nowysaczbezkabli1-300x158.jpg\" alt class=\"img-responsive wp-image-887 lazyload\" data-srcset=\"http:\/\/grupajagiellonia.pl\/wp-content\/uploads\/2017\/05\/nowysaczbezkabli1-200x105.jpg 200w, http:\/\/grupajagiellonia.pl\/wp-content\/uploads\/2017\/05\/nowysaczbezkabli1-400x210.jpg 400w, http:\/\/grupajagiellonia.pl\/wp-content\/uploads\/2017\/05\/nowysaczbezkabli1-600x316.jpg 600w, http:\/\/grupajagiellonia.pl\/wp-content\/uploads\/2017\/05\/nowysaczbezkabli1-800x421.jpg 800w, http:\/\/grupajagiellonia.pl\/wp-content\/uploads\/2017\/05\/nowysaczbezkabli1.jpg 1200w\" data-sizes=\"(max-width: 800px) 100vw, 300px\" src=\"data:image\/gif;base64,R0lGODlhAQABAAAAACH5BAEKAAEALAAAAAABAAEAAAICTAEAOw==\" style=\"--smush-placeholder-width: 300px; --smush-placeholder-aspect-ratio: 300\/158;\" \/><noscript><img decoding=\"async\" width=\"300\" height=\"158\" src=\"http:\/\/nowa-strona.grupajagiellonia.pl\/wp-content\/uploads\/2017\/05\/nowysaczbezkabli1-300x158.jpg\" alt class=\"img-responsive wp-image-887\" srcset=\"http:\/\/grupajagiellonia.pl\/wp-content\/uploads\/2017\/05\/nowysaczbezkabli1-200x105.jpg 200w, http:\/\/grupajagiellonia.pl\/wp-content\/uploads\/2017\/05\/nowysaczbezkabli1-400x210.jpg 400w, http:\/\/grupajagiellonia.pl\/wp-content\/uploads\/2017\/05\/nowysaczbezkabli1-600x316.jpg 600w, http:\/\/grupajagiellonia.pl\/wp-content\/uploads\/2017\/05\/nowysaczbezkabli1-800x421.jpg 800w, http:\/\/grupajagiellonia.pl\/wp-content\/uploads\/2017\/05\/nowysaczbezkabli1.jpg 1200w\" sizes=\"(max-width: 800px) 100vw, 300px\" \/><\/noscript><\/a><\/span><\/div><div class=\"fusion-clearfix\"><\/div><\/div><\/div><\/div><\/div>\n","protected":false},"excerpt":{"rendered":"","protected":false},"author":1,"featured_media":0,"parent":0,"menu_order":0,"comment_status":"closed","ping_status":"closed","template":"","meta":{"footnotes":""},"class_list":["post-881","page","type-page","status-publish","hentry"],"_links":{"self":[{"href":"http:\/\/grupajagiellonia.pl\/index.php\/wp-json\/wp\/v2\/pages\/881"}],"collection":[{"href":"http:\/\/grupajagiellonia.pl\/index.php\/wp-json\/wp\/v2\/pages"}],"about":[{"href":"http:\/\/grupajagiellonia.pl\/index.php\/wp-json\/wp\/v2\/types\/page"}],"author":[{"embeddable":true,"href":"http:\/\/grupajagiellonia.pl\/index.php\/wp-json\/wp\/v2\/users\/1"}],"replies":[{"embeddable":true,"href":"http:\/\/grupajagiellonia.pl\/index.php\/wp-json\/wp\/v2\/comments?post=881"}],"version-history":[{"count":8,"href":"http:\/\/grupajagiellonia.pl\/index.php\/wp-json\/wp\/v2\/pages\/881\/revisions"}],"predecessor-version":[{"id":1003,"href":"http:\/\/grupajagiellonia.pl\/index.php\/wp-json\/wp\/v2\/pages\/881\/revisions\/1003"}],"wp:attachment":[{"href":"http:\/\/grupajagiellonia.pl\/index.php\/wp-json\/wp\/v2\/media?parent=881"}],"curies":[{"name":"wp","href":"https:\/\/api.w.org\/{rel}","templated":true}]}}